{"id":13161,"date":"2026-02-24T10:12:08","date_gmt":"2026-02-24T10:12:08","guid":{"rendered":"https:\/\/vimele.com\/?post_type=product&#038;p=13161"},"modified":"2026-03-09T10:25:48","modified_gmt":"2026-03-09T10:25:48","slug":"cambio-de-botellas","status":"publish","type":"product","link":"https:\/\/vimele.com\/en\/producto\/cambio-de-botellas\/","title":{"rendered":"Cambio de botellas"},"content":{"rendered":"","protected":false},"excerpt":{"rendered":"","protected":false},"featured_media":13162,"comment_status":"closed","ping_status":"closed","template":"","meta":[],"product_brand":[],"product_cat":[15],"product_tag":[],"class_list":{"0":"post-13161","1":"product","2":"type-product","3":"status-publish","4":"has-post-thumbnail","6":"product_cat-botellas-co2-para-chalecos","8":"first","9":"instock","10":"virtual","11":"taxable","12":"purchasable","13":"product-type-simple"},"yoast_head":"<!-- This site is optimized with the Yoast SEO Premium plugin v20.7 (Yoast SEO v27.1.1) - https:\/\/yoast.com\/product\/yoast-seo-premium-wordpress\/ -->\n<title>Cambio de botellas de CO2 para chalecos airbag de equitaci\u00f3n | VIMELE<\/title>\n<meta name=\"description\" content=\"Servicio de cambio de botellas o cartuchos de CO2 para chalecos con airbag de equitaci\u00f3n. R\u00e1pido, seguro y compatible con los principales modelos.\" \/>\n<meta name=\"robots\" content=\"index, follow, max-snippet:-1, max-image-preview:large, max-video-preview:-1\" \/>\n<link rel=\"canonical\" href=\"https:\/\/vimele.com\/en\/producto\/cambio-de-botellas\/\" \/>\n<meta property=\"og:locale\" content=\"en_US\" \/>\n<meta property=\"og:type\" content=\"article\" \/>\n<meta property=\"og:title\" content=\"Cambio de botellas\" \/>\n<meta property=\"og:description\" content=\"Servicio de cambio de botellas o cartuchos de CO2 para chalecos con airbag de equitaci\u00f3n. R\u00e1pido, seguro y compatible con los principales modelos.\" \/>\n<meta property=\"og:url\" content=\"https:\/\/vimele.com\/en\/producto\/cambio-de-botellas\/\" \/>\n<meta property=\"og:site_name\" content=\"Vimele - Chalecos airbag Equitaci\u00f3n\" \/>\n<meta property=\"article:publisher\" content=\"https:\/\/www.facebook.com\/vimele.airbag\" \/>\n<meta property=\"article:modified_time\" content=\"2026-03-09T10:25:48+00:00\" \/>\n<meta property=\"og:image\" content=\"https:\/\/vimele.com\/wp-content\/uploads\/2026\/02\/devolucion.jpg\" \/>\n\t<meta property=\"og:image:width\" content=\"500\" \/>\n\t<meta property=\"og:image:height\" content=\"500\" \/>\n\t<meta property=\"og:image:type\" content=\"image\/jpeg\" \/>\n<meta name=\"twitter:card\" content=\"summary_large_image\" \/>\n<meta name=\"twitter:label1\" content=\"Est. reading time\" \/>\n\t<meta name=\"twitter:data1\" content=\"1 minute\" \/>\n<script type=\"application\/ld+json\" class=\"yoast-schema-graph\">{\"@context\":\"https:\/\/schema.org\",\"@graph\":[{\"@type\":\"WebPage\",\"@id\":\"https:\/\/vimele.com\/en\/producto\/cambio-de-botellas\/\",\"url\":\"https:\/\/vimele.com\/en\/producto\/cambio-de-botellas\/\",\"name\":\"Cambio de botellas de CO2 para chalecos airbag de equitaci\u00f3n | VIMELE\",\"isPartOf\":{\"@id\":\"https:\/\/vimele.com\/en\/#website\"},\"primaryImageOfPage\":{\"@id\":\"https:\/\/vimele.com\/en\/producto\/cambio-de-botellas\/#primaryimage\"},\"image\":{\"@id\":\"https:\/\/vimele.com\/en\/producto\/cambio-de-botellas\/#primaryimage\"},\"thumbnailUrl\":\"https:\/\/vimele.com\/wp-content\/uploads\/2026\/02\/devolucion.jpg\",\"datePublished\":\"2026-02-24T10:12:08+00:00\",\"dateModified\":\"2026-03-09T10:25:48+00:00\",\"description\":\"Servicio de cambio de botellas o cartuchos de CO2 para chalecos con airbag de equitaci\u00f3n. R\u00e1pido, seguro y compatible con los principales modelos.\",\"breadcrumb\":{\"@id\":\"https:\/\/vimele.com\/en\/producto\/cambio-de-botellas\/#breadcrumb\"},\"inLanguage\":\"en-US\",\"potentialAction\":[{\"@type\":\"ReadAction\",\"target\":[\"https:\/\/vimele.com\/en\/producto\/cambio-de-botellas\/\"]}]},{\"@type\":\"ImageObject\",\"inLanguage\":\"en-US\",\"@id\":\"https:\/\/vimele.com\/en\/producto\/cambio-de-botellas\/#primaryimage\",\"url\":\"https:\/\/vimele.com\/wp-content\/uploads\/2026\/02\/devolucion.jpg\",\"contentUrl\":\"https:\/\/vimele.com\/wp-content\/uploads\/2026\/02\/devolucion.jpg\",\"width\":500,\"height\":500,\"caption\":\"devolucion\"},{\"@type\":\"BreadcrumbList\",\"@id\":\"https:\/\/vimele.com\/en\/producto\/cambio-de-botellas\/#breadcrumb\",\"itemListElement\":[{\"@type\":\"ListItem\",\"position\":1,\"name\":\"Portada\",\"item\":\"https:\/\/vimele.com\/en\/\"},{\"@type\":\"ListItem\",\"position\":2,\"name\":\"VIMELE Store CO2 bottles for airbags\",\"item\":\"https:\/\/vimele.com\/en\/shop\/\"},{\"@type\":\"ListItem\",\"position\":3,\"name\":\"Cambio de botellas\"}]},{\"@type\":\"WebSite\",\"@id\":\"https:\/\/vimele.com\/en\/#website\",\"url\":\"https:\/\/vimele.com\/en\/\",\"name\":\"Vimele - Chalecos airbag Equitaci\u00f3n\",\"description\":\"Chalecos airbag para equitaci\u00f3n y botellas CO2 para Airbag\",\"publisher\":{\"@id\":\"https:\/\/vimele.com\/en\/#organization\"},\"potentialAction\":[{\"@type\":\"SearchAction\",\"target\":{\"@type\":\"EntryPoint\",\"urlTemplate\":\"https:\/\/vimele.com\/en\/?s={search_term_string}\"},\"query-input\":{\"@type\":\"PropertyValueSpecification\",\"valueRequired\":true,\"valueName\":\"search_term_string\"}}],\"inLanguage\":\"en-US\"},{\"@type\":\"Organization\",\"@id\":\"https:\/\/vimele.com\/en\/#organization\",\"name\":\"Vimele\",\"url\":\"https:\/\/vimele.com\/en\/\",\"logo\":{\"@type\":\"ImageObject\",\"inLanguage\":\"en-US\",\"@id\":\"https:\/\/vimele.com\/en\/#\/schema\/logo\/image\/\",\"url\":\"https:\/\/vimele.com\/wp-content\/uploads\/2021\/07\/logo-vimele.jpg\",\"contentUrl\":\"https:\/\/vimele.com\/wp-content\/uploads\/2021\/07\/logo-vimele.jpg\",\"width\":500,\"height\":500,\"caption\":\"Vimele\"},\"image\":{\"@id\":\"https:\/\/vimele.com\/en\/#\/schema\/logo\/image\/\"},\"sameAs\":[\"https:\/\/www.facebook.com\/vimele.airbag\",\"https:\/\/www.instagram.com\/vimele.co2\/\"]}]}<\/script>\n<!-- \/ Yoast SEO Premium plugin. -->","yoast_head_json":{"title":"Cambio de botellas de CO2 para chalecos airbag de equitaci\u00f3n | VIMELE","description":"Servicio de cambio de botellas o cartuchos de CO2 para chalecos con airbag de equitaci\u00f3n. R\u00e1pido, seguro y compatible con los principales modelos.","robots":{"index":"index","follow":"follow","max-snippet":"max-snippet:-1","max-image-preview":"max-image-preview:large","max-video-preview":"max-video-preview:-1"},"canonical":"https:\/\/vimele.com\/en\/producto\/cambio-de-botellas\/","og_locale":"en_US","og_type":"article","og_title":"Cambio de botellas","og_description":"Servicio de cambio de botellas o cartuchos de CO2 para chalecos con airbag de equitaci\u00f3n. R\u00e1pido, seguro y compatible con los principales modelos.","og_url":"https:\/\/vimele.com\/en\/producto\/cambio-de-botellas\/","og_site_name":"Vimele - Chalecos airbag Equitaci\u00f3n","article_publisher":"https:\/\/www.facebook.com\/vimele.airbag","article_modified_time":"2026-03-09T10:25:48+00:00","og_image":[{"width":500,"height":500,"url":"https:\/\/vimele.com\/wp-content\/uploads\/2026\/02\/devolucion.jpg","type":"image\/jpeg"}],"twitter_card":"summary_large_image","twitter_misc":{"Est. reading time":"1 minute"},"schema":{"@context":"https:\/\/schema.org","@graph":[{"@type":"WebPage","@id":"https:\/\/vimele.com\/en\/producto\/cambio-de-botellas\/","url":"https:\/\/vimele.com\/en\/producto\/cambio-de-botellas\/","name":"Cambio de botellas de CO2 para chalecos airbag de equitaci\u00f3n | VIMELE","isPartOf":{"@id":"https:\/\/vimele.com\/en\/#website"},"primaryImageOfPage":{"@id":"https:\/\/vimele.com\/en\/producto\/cambio-de-botellas\/#primaryimage"},"image":{"@id":"https:\/\/vimele.com\/en\/producto\/cambio-de-botellas\/#primaryimage"},"thumbnailUrl":"https:\/\/vimele.com\/wp-content\/uploads\/2026\/02\/devolucion.jpg","datePublished":"2026-02-24T10:12:08+00:00","dateModified":"2026-03-09T10:25:48+00:00","description":"Servicio de cambio de botellas o cartuchos de CO2 para chalecos con airbag de equitaci\u00f3n. R\u00e1pido, seguro y compatible con los principales modelos.","breadcrumb":{"@id":"https:\/\/vimele.com\/en\/producto\/cambio-de-botellas\/#breadcrumb"},"inLanguage":"en-US","potentialAction":[{"@type":"ReadAction","target":["https:\/\/vimele.com\/en\/producto\/cambio-de-botellas\/"]}]},{"@type":"ImageObject","inLanguage":"en-US","@id":"https:\/\/vimele.com\/en\/producto\/cambio-de-botellas\/#primaryimage","url":"https:\/\/vimele.com\/wp-content\/uploads\/2026\/02\/devolucion.jpg","contentUrl":"https:\/\/vimele.com\/wp-content\/uploads\/2026\/02\/devolucion.jpg","width":500,"height":500,"caption":"devolucion"},{"@type":"BreadcrumbList","@id":"https:\/\/vimele.com\/en\/producto\/cambio-de-botellas\/#breadcrumb","itemListElement":[{"@type":"ListItem","position":1,"name":"Portada","item":"https:\/\/vimele.com\/en\/"},{"@type":"ListItem","position":2,"name":"VIMELE Store CO2 bottles for airbags","item":"https:\/\/vimele.com\/en\/shop\/"},{"@type":"ListItem","position":3,"name":"Cambio de botellas"}]},{"@type":"WebSite","@id":"https:\/\/vimele.com\/en\/#website","url":"https:\/\/vimele.com\/en\/","name":"Vimele - Chalecos airbag Equitaci\u00f3n","description":"Chalecos airbag para equitaci\u00f3n y botellas CO2 para Airbag","publisher":{"@id":"https:\/\/vimele.com\/en\/#organization"},"potentialAction":[{"@type":"SearchAction","target":{"@type":"EntryPoint","urlTemplate":"https:\/\/vimele.com\/en\/?s={search_term_string}"},"query-input":{"@type":"PropertyValueSpecification","valueRequired":true,"valueName":"search_term_string"}}],"inLanguage":"en-US"},{"@type":"Organization","@id":"https:\/\/vimele.com\/en\/#organization","name":"Vimele","url":"https:\/\/vimele.com\/en\/","logo":{"@type":"ImageObject","inLanguage":"en-US","@id":"https:\/\/vimele.com\/en\/#\/schema\/logo\/image\/","url":"https:\/\/vimele.com\/wp-content\/uploads\/2021\/07\/logo-vimele.jpg","contentUrl":"https:\/\/vimele.com\/wp-content\/uploads\/2021\/07\/logo-vimele.jpg","width":500,"height":500,"caption":"Vimele"},"image":{"@id":"https:\/\/vimele.com\/en\/#\/schema\/logo\/image\/"},"sameAs":["https:\/\/www.facebook.com\/vimele.airbag","https:\/\/www.instagram.com\/vimele.co2\/"]}]}},"_links":{"self":[{"href":"https:\/\/vimele.com\/en\/wp-json\/wp\/v2\/product\/13161","targetHints":{"allow":["GET"]}}],"collection":[{"href":"https:\/\/vimele.com\/en\/wp-json\/wp\/v2\/product"}],"about":[{"href":"https:\/\/vimele.com\/en\/wp-json\/wp\/v2\/types\/product"}],"replies":[{"embeddable":true,"href":"https:\/\/vimele.com\/en\/wp-json\/wp\/v2\/comments?post=13161"}],"wp:featuredmedia":[{"embeddable":true,"href":"https:\/\/vimele.com\/en\/wp-json\/wp\/v2\/media\/13162"}],"wp:attachment":[{"href":"https:\/\/vimele.com\/en\/wp-json\/wp\/v2\/media?parent=13161"}],"wp:term":[{"taxonomy":"product_brand","embeddable":true,"href":"https:\/\/vimele.com\/en\/wp-json\/wp\/v2\/product_brand?post=13161"},{"taxonomy":"product_cat","embeddable":true,"href":"https:\/\/vimele.com\/en\/wp-json\/wp\/v2\/product_cat?post=13161"},{"taxonomy":"product_tag","embeddable":true,"href":"https:\/\/vimele.com\/en\/wp-json\/wp\/v2\/product_tag?post=13161"}],"curies":[{"name":"wp","href":"https:\/\/api.w.org\/{rel}","templated":true}]}}