{"id":9662,"date":"2017-06-27T06:20:05","date_gmt":"2017-06-27T06:20:05","guid":{"rendered":"https:\/\/vimele.com\/contact-vimele\/"},"modified":"2025-06-12T16:38:46","modified_gmt":"2025-06-12T16:38:46","slug":"contact-vimele","status":"publish","type":"page","link":"https:\/\/vimele.com\/en\/contact-vimele\/","title":{"rendered":"Contact VIMELE"},"content":{"rendered":"<div class=\"wpb-content-wrapper\"><p>[vc_row][vc_column]\n\t\t<div id=\"wd-60feeaa6d03af\" class=\"title-wrapper wd-wpb set-mb-s reset-last-child  wd-rs-60feeaa6d03af wd-title-color-default wd-title-style-bordered text-left vc_custom_1627318885306 wd-underline-colored\">\n\t\t\t\n\t\t\t<div class=\"liner-continer\">\n\t\t\t\t<h4 class=\"woodmart-title-container title  wd-font-weight- wd-fontsize-l\" >SEND US AN EMAIL<\/h4>\n\t\t\t\t\t\t\t<\/div>\n\t\t\t\n\t\t\t\n\t\t\t\n\t\t<\/div>\n\t\t\n\t\t\n<div class=\"wpcf7 no-js\" id=\"wpcf7-f608-o1\" lang=\"es-ES\" dir=\"ltr\" data-wpcf7-id=\"608\">\n<div class=\"screen-reader-response\"><p role=\"status\" aria-live=\"polite\" aria-atomic=\"true\"><\/p> <ul><\/ul><\/div>\n<form action=\"\/en\/wp-json\/wp\/v2\/pages\/9662#wpcf7-f608-o1\" method=\"post\" class=\"wpcf7-form init\" aria-label=\"Formulario de contacto\" novalidate=\"novalidate\" data-status=\"init\">\n<fieldset class=\"hidden-fields-container\"><input type=\"hidden\" name=\"_wpcf7\" value=\"608\" \/><input type=\"hidden\" name=\"_wpcf7_version\" value=\"6.1.5\" \/><input type=\"hidden\" name=\"_wpcf7_locale\" value=\"es_ES\" \/><input type=\"hidden\" name=\"_wpcf7_unit_tag\" value=\"wpcf7-f608-o1\" \/><input type=\"hidden\" name=\"_wpcf7_container_post\" value=\"0\" \/><input type=\"hidden\" name=\"_wpcf7_posted_data_hash\" value=\"\" \/><input type=\"hidden\" name=\"_wpcf7_recaptcha_response\" value=\"\" \/>\n<\/fieldset>\n<div class=\"row\">\n\t<div class=\"col-md-6\" style='margin-bottom:20px;'>\n\t\t<p><label>Nombre<\/label><span class=\"wpcf7-form-control-wrap\" data-name=\"your-name\"><input size=\"40\" maxlength=\"400\" class=\"wpcf7-form-control wpcf7-text wpcf7-validates-as-required\" aria-required=\"true\" aria-invalid=\"false\" value=\"\" type=\"text\" name=\"your-name\" \/><\/span>\n\t\t<\/p>\n\t<\/div>\n\t<div class=\"col-md-6\" style='margin-bottom:20px;'>\n\t\t<p><label>Email<\/label><span class=\"wpcf7-form-control-wrap\" data-name=\"your-email\"><input size=\"40\" maxlength=\"400\" class=\"wpcf7-form-control wpcf7-email wpcf7-validates-as-required wpcf7-text wpcf7-validates-as-email\" aria-required=\"true\" aria-invalid=\"false\" value=\"\" type=\"email\" name=\"your-email\" \/><\/span>\n\t\t<\/p>\n\t<\/div>\n<\/div>\n<div class=\"row\">\n\t<div class=\"col-md-6\" style='margin-bottom:20px;'>\n\t\t<p><label>Tel\u00e9fono<\/label><span class=\"wpcf7-form-control-wrap\" data-name=\"tel-767\"><input size=\"40\" maxlength=\"400\" class=\"wpcf7-form-control wpcf7-tel wpcf7-text wpcf7-validates-as-tel\" aria-invalid=\"false\" value=\"\" type=\"tel\" name=\"tel-767\" \/><\/span>\n\t\t<\/p>\n\t<\/div>\n\t<div class=\"col-md-6\" style='margin-bottom:20px;'>\n\t\t<p><label>Empresa<\/label><span class=\"wpcf7-form-control-wrap\" data-name=\"text-1\"><input size=\"40\" maxlength=\"400\" class=\"wpcf7-form-control wpcf7-text\" aria-invalid=\"false\" value=\"\" type=\"text\" name=\"text-1\" \/><\/span>\n\t\t<\/p>\n\t<\/div>\n<\/div>\n<p><label>Comentarios<\/label><span class=\"wpcf7-form-control-wrap\" data-name=\"your-message\"><textarea cols=\"40\" rows=\"10\" maxlength=\"2000\" class=\"wpcf7-form-control wpcf7-textarea\" aria-invalid=\"false\" name=\"your-message\"><\/textarea><\/span>\n<\/p>\n<p><span class=\"wpcf7-form-control-wrap\" data-name=\"checkbox-441\"><span class=\"wpcf7-form-control wpcf7-checkbox wpcf7-validates-as-required\"><span class=\"wpcf7-list-item first last\"><input type=\"checkbox\" name=\"checkbox-441[]\" value=\"Acepto la pol\u00edtica de privacidad\" \/><span class=\"wpcf7-list-item-label\">Acepto la pol\u00edtica de privacidad<\/span><\/span><\/span><\/span>\n<\/p>\n<p><input class=\"wpcf7-form-control wpcf7-submit has-spinner btn-color-black\" type=\"submit\" value=\"ENVIAR\" \/>\n<\/p>\n<div class=\"row\" style=\"font-size:12px\">\n\t<p>En nombre de la empresa tratamos la informaci\u00f3n que nos facilita con el fin de enviarles el presupuesto y asesoramiento solicitado. Los datos proporcionados se conservar\u00e1n mientras se mantenga la relaci\u00f3n comercial o durante los a\u00f1os necesarios para cumplir con las obligaciones legales. Los datos no se ceder\u00e1n a terceros salvo en los casos en que exista una obligaci\u00f3n legal. Usted tiene derecho a obtener confirmaci\u00f3n sobre si en Vimele Technical Solutions, S.L. estamos tratando sus datos personales por tanto tiene derecho a acceder a sus datos personales, rectificar los datos inexactos o solicitar su supresi\u00f3n cuando los datos ya no sean necesarios. Puede consultar m\u00e1s informaci\u00f3n sobre nuestra protecci\u00f3n de datos en <a href=\"https:\/\/vimele.com\/politica-privacidad\/\">vimele.com\/politica-privacidad<\/a>\n\t<\/p>\n<\/div><p style=\"display: none !important;\" class=\"akismet-fields-container\" data-prefix=\"_wpcf7_ak_\"><label>&#916;<textarea name=\"_wpcf7_ak_hp_textarea\" cols=\"45\" rows=\"8\" maxlength=\"100\"><\/textarea><\/label><input type=\"hidden\" id=\"ak_js_1\" name=\"_wpcf7_ak_js\" value=\"60\"\/><script>document.getElementById( \"ak_js_1\" ).setAttribute( \"value\", ( new Date() ).getTime() );<\/script><\/p><div class=\"wpcf7-response-output\" aria-hidden=\"true\"><\/div>\n<\/form>\n<\/div>\n[\/vc_column][\/vc_row]<\/p>\n<\/div>","protected":false},"excerpt":{"rendered":"<p>[vc_row][vc_column][\/vc_column][\/vc_row]<\/p>\n","protected":false},"author":2,"featured_media":0,"parent":0,"menu_order":0,"comment_status":"closed","ping_status":"closed","template":"","meta":{"footnotes":""},"class_list":["post-9662","page","type-page","status-publish","hentry"],"yoast_head":"<!-- This site is optimized with the Yoast SEO Premium plugin v20.7 (Yoast SEO v27.1.1) - https:\/\/yoast.com\/product\/yoast-seo-premium-wordpress\/ -->\n<title>Contact VIMELE - Vimele - Chalecos airbag Equitaci\u00f3n<\/title>\n<meta name=\"description\" content=\"If you have any questions about our products, please contact us. Vimele Online Store of CO2 cylinders for Airbag vests\" \/>\n<meta name=\"robots\" content=\"noindex, follow\" \/>\n<meta property=\"og:locale\" content=\"en_US\" \/>\n<meta property=\"og:type\" content=\"article\" \/>\n<meta property=\"og:title\" content=\"Contact VIMELE\" \/>\n<meta property=\"og:description\" content=\"If you have any questions about our products, please contact us. Vimele Online Store of CO2 cylinders for Airbag vests\" \/>\n<meta property=\"og:url\" content=\"https:\/\/vimele.com\/en\/contact-vimele\/\" \/>\n<meta property=\"og:site_name\" content=\"Vimele - Chalecos airbag Equitaci\u00f3n\" \/>\n<meta property=\"article:publisher\" content=\"https:\/\/www.facebook.com\/vimele.airbag\" \/>\n<meta property=\"article:modified_time\" content=\"2025-06-12T16:38:46+00:00\" \/>\n<meta name=\"twitter:card\" content=\"summary_large_image\" \/>\n<meta name=\"twitter:label1\" content=\"Est. reading time\" \/>\n\t<meta name=\"twitter:data1\" content=\"1 minute\" \/>\n<script type=\"application\/ld+json\" class=\"yoast-schema-graph\">{\"@context\":\"https:\/\/schema.org\",\"@graph\":[{\"@type\":\"WebPage\",\"@id\":\"https:\/\/vimele.com\/en\/contact-vimele\/\",\"url\":\"https:\/\/vimele.com\/en\/contact-vimele\/\",\"name\":\"Contact VIMELE - Vimele - Chalecos airbag Equitaci\u00f3n\",\"isPartOf\":{\"@id\":\"https:\/\/vimele.com\/en\/#website\"},\"datePublished\":\"2017-06-27T06:20:05+00:00\",\"dateModified\":\"2025-06-12T16:38:46+00:00\",\"description\":\"If you have any questions about our products, please contact us. Vimele Online Store of CO2 cylinders for Airbag vests\",\"breadcrumb\":{\"@id\":\"https:\/\/vimele.com\/en\/contact-vimele\/#breadcrumb\"},\"inLanguage\":\"en-US\",\"potentialAction\":[{\"@type\":\"ReadAction\",\"target\":[\"https:\/\/vimele.com\/en\/contact-vimele\/\"]}]},{\"@type\":\"BreadcrumbList\",\"@id\":\"https:\/\/vimele.com\/en\/contact-vimele\/#breadcrumb\",\"itemListElement\":[{\"@type\":\"ListItem\",\"position\":1,\"name\":\"Portada\",\"item\":\"https:\/\/vimele.com\/en\/\"},{\"@type\":\"ListItem\",\"position\":2,\"name\":\"Contact VIMELE\"}]},{\"@type\":\"WebSite\",\"@id\":\"https:\/\/vimele.com\/en\/#website\",\"url\":\"https:\/\/vimele.com\/en\/\",\"name\":\"Vimele - Chalecos airbag Equitaci\u00f3n\",\"description\":\"Chalecos airbag para equitaci\u00f3n y botellas CO2 para Airbag\",\"publisher\":{\"@id\":\"https:\/\/vimele.com\/en\/#organization\"},\"potentialAction\":[{\"@type\":\"SearchAction\",\"target\":{\"@type\":\"EntryPoint\",\"urlTemplate\":\"https:\/\/vimele.com\/en\/?s={search_term_string}\"},\"query-input\":{\"@type\":\"PropertyValueSpecification\",\"valueRequired\":true,\"valueName\":\"search_term_string\"}}],\"inLanguage\":\"en-US\"},{\"@type\":\"Organization\",\"@id\":\"https:\/\/vimele.com\/en\/#organization\",\"name\":\"Vimele\",\"url\":\"https:\/\/vimele.com\/en\/\",\"logo\":{\"@type\":\"ImageObject\",\"inLanguage\":\"en-US\",\"@id\":\"https:\/\/vimele.com\/en\/#\/schema\/logo\/image\/\",\"url\":\"https:\/\/vimele.com\/wp-content\/uploads\/2021\/07\/logo-vimele.jpg\",\"contentUrl\":\"https:\/\/vimele.com\/wp-content\/uploads\/2021\/07\/logo-vimele.jpg\",\"width\":500,\"height\":500,\"caption\":\"Vimele\"},\"image\":{\"@id\":\"https:\/\/vimele.com\/en\/#\/schema\/logo\/image\/\"},\"sameAs\":[\"https:\/\/www.facebook.com\/vimele.airbag\",\"https:\/\/www.instagram.com\/vimele.co2\/\"]}]}<\/script>\n<!-- \/ Yoast SEO Premium plugin. -->","yoast_head_json":{"title":"Contact VIMELE - Vimele - Chalecos airbag Equitaci\u00f3n","description":"If you have any questions about our products, please contact us. Vimele Online Store of CO2 cylinders for Airbag vests","robots":{"index":"noindex","follow":"follow"},"og_locale":"en_US","og_type":"article","og_title":"Contact VIMELE","og_description":"If you have any questions about our products, please contact us. Vimele Online Store of CO2 cylinders for Airbag vests","og_url":"https:\/\/vimele.com\/en\/contact-vimele\/","og_site_name":"Vimele - Chalecos airbag Equitaci\u00f3n","article_publisher":"https:\/\/www.facebook.com\/vimele.airbag","article_modified_time":"2025-06-12T16:38:46+00:00","twitter_card":"summary_large_image","twitter_misc":{"Est. reading time":"1 minute"},"schema":{"@context":"https:\/\/schema.org","@graph":[{"@type":"WebPage","@id":"https:\/\/vimele.com\/en\/contact-vimele\/","url":"https:\/\/vimele.com\/en\/contact-vimele\/","name":"Contact VIMELE - Vimele - Chalecos airbag Equitaci\u00f3n","isPartOf":{"@id":"https:\/\/vimele.com\/en\/#website"},"datePublished":"2017-06-27T06:20:05+00:00","dateModified":"2025-06-12T16:38:46+00:00","description":"If you have any questions about our products, please contact us. Vimele Online Store of CO2 cylinders for Airbag vests","breadcrumb":{"@id":"https:\/\/vimele.com\/en\/contact-vimele\/#breadcrumb"},"inLanguage":"en-US","potentialAction":[{"@type":"ReadAction","target":["https:\/\/vimele.com\/en\/contact-vimele\/"]}]},{"@type":"BreadcrumbList","@id":"https:\/\/vimele.com\/en\/contact-vimele\/#breadcrumb","itemListElement":[{"@type":"ListItem","position":1,"name":"Portada","item":"https:\/\/vimele.com\/en\/"},{"@type":"ListItem","position":2,"name":"Contact VIMELE"}]},{"@type":"WebSite","@id":"https:\/\/vimele.com\/en\/#website","url":"https:\/\/vimele.com\/en\/","name":"Vimele - Chalecos airbag Equitaci\u00f3n","description":"Chalecos airbag para equitaci\u00f3n y botellas CO2 para Airbag","publisher":{"@id":"https:\/\/vimele.com\/en\/#organization"},"potentialAction":[{"@type":"SearchAction","target":{"@type":"EntryPoint","urlTemplate":"https:\/\/vimele.com\/en\/?s={search_term_string}"},"query-input":{"@type":"PropertyValueSpecification","valueRequired":true,"valueName":"search_term_string"}}],"inLanguage":"en-US"},{"@type":"Organization","@id":"https:\/\/vimele.com\/en\/#organization","name":"Vimele","url":"https:\/\/vimele.com\/en\/","logo":{"@type":"ImageObject","inLanguage":"en-US","@id":"https:\/\/vimele.com\/en\/#\/schema\/logo\/image\/","url":"https:\/\/vimele.com\/wp-content\/uploads\/2021\/07\/logo-vimele.jpg","contentUrl":"https:\/\/vimele.com\/wp-content\/uploads\/2021\/07\/logo-vimele.jpg","width":500,"height":500,"caption":"Vimele"},"image":{"@id":"https:\/\/vimele.com\/en\/#\/schema\/logo\/image\/"},"sameAs":["https:\/\/www.facebook.com\/vimele.airbag","https:\/\/www.instagram.com\/vimele.co2\/"]}]}},"_links":{"self":[{"href":"https:\/\/vimele.com\/en\/wp-json\/wp\/v2\/pages\/9662","targetHints":{"allow":["GET"]}}],"collection":[{"href":"https:\/\/vimele.com\/en\/wp-json\/wp\/v2\/pages"}],"about":[{"href":"https:\/\/vimele.com\/en\/wp-json\/wp\/v2\/types\/page"}],"author":[{"embeddable":true,"href":"https:\/\/vimele.com\/en\/wp-json\/wp\/v2\/users\/2"}],"replies":[{"embeddable":true,"href":"https:\/\/vimele.com\/en\/wp-json\/wp\/v2\/comments?post=9662"}],"version-history":[{"count":5,"href":"https:\/\/vimele.com\/en\/wp-json\/wp\/v2\/pages\/9662\/revisions"}],"predecessor-version":[{"id":12036,"href":"https:\/\/vimele.com\/en\/wp-json\/wp\/v2\/pages\/9662\/revisions\/12036"}],"wp:attachment":[{"href":"https:\/\/vimele.com\/en\/wp-json\/wp\/v2\/media?parent=9662"}],"curies":[{"name":"wp","href":"https:\/\/api.w.org\/{rel}","templated":true}]}}