{"id":12400,"date":"2025-09-17T16:55:08","date_gmt":"2025-09-17T16:55:08","guid":{"rendered":"https:\/\/vimele.com\/official-vimele-airbag-vests-distributors\/"},"modified":"2025-09-18T16:16:27","modified_gmt":"2025-09-18T16:16:27","slug":"official-vimele-airbag-vests-distributors","status":"publish","type":"page","link":"https:\/\/vimele.com\/en\/official-vimele-airbag-vests-distributors\/","title":{"rendered":"Official Vimele Airbag Vests Distributors"},"content":{"rendered":"<div class=\"wpb-content-wrapper\"><p>[vc_row][vc_column]<div id=\"wd-68cc28ea8f582\" class=\" wd-rs-68cc28ea8f582 vc_custom_1758210308602  wd-rs-68cc28ea8f582 wd-button-wrapper text-center\"><a href=\"#my_popup\" title=\"\" class=\"btn btn-color-primary btn-style-default btn-style-rectangle btn-size-default wd-open-popup \">Do you want to be a VIMELE distributor?\u00bfQuieres ser distribuidor VIMELE?<\/a><\/div><div id=\"my_popup\" class=\"mfp-with-anim wd-popup wd-popup-element mfp-hide\" style=\"max-width:800px;\"><div class=\"wd-popup-inner\">[vc_column_text css=&#8221;&#8221; woodmart_inline=&#8221;no&#8221; text_larger=&#8221;no&#8221;]<\/p>\n<div class=\"wpb_text_column wpb_content_element\">\n<div class=\"wpb_wrapper\">\n<h3>Do you want to be a distributor of our airbag vests? Contact with us<\/h3>\n<\/div>\n<\/div>\n<div id=\"wpcf7-f608-p8508-o1\" class=\"wpcf7 js\" dir=\"ltr\" lang=\"es-ES\" data-wpcf7-id=\"608\"><\/div>\n<p>[\/vc_column_text]\n<div class=\"wpcf7 no-js\" id=\"wpcf7-f608-o1\" lang=\"es-ES\" dir=\"ltr\" data-wpcf7-id=\"608\">\n<div class=\"screen-reader-response\"><p role=\"status\" aria-live=\"polite\" aria-atomic=\"true\"><\/p> <ul><\/ul><\/div>\n<form action=\"\/en\/wp-json\/wp\/v2\/pages\/12400#wpcf7-f608-o1\" method=\"post\" class=\"wpcf7-form init\" aria-label=\"Formulario de contacto\" novalidate=\"novalidate\" data-status=\"init\">\n<fieldset class=\"hidden-fields-container\"><input type=\"hidden\" name=\"_wpcf7\" value=\"608\" \/><input type=\"hidden\" name=\"_wpcf7_version\" value=\"6.1.5\" \/><input type=\"hidden\" name=\"_wpcf7_locale\" value=\"es_ES\" \/><input type=\"hidden\" name=\"_wpcf7_unit_tag\" value=\"wpcf7-f608-o1\" \/><input type=\"hidden\" name=\"_wpcf7_container_post\" value=\"0\" \/><input type=\"hidden\" name=\"_wpcf7_posted_data_hash\" value=\"\" \/><input type=\"hidden\" name=\"_wpcf7_recaptcha_response\" value=\"\" \/>\n<\/fieldset>\n<div class=\"row\">\n\t<div class=\"col-md-6\" style='margin-bottom:20px;'>\n\t\t<p><label>Nombre<\/label><span class=\"wpcf7-form-control-wrap\" data-name=\"your-name\"><input size=\"40\" maxlength=\"400\" class=\"wpcf7-form-control wpcf7-text wpcf7-validates-as-required\" aria-required=\"true\" aria-invalid=\"false\" value=\"\" type=\"text\" name=\"your-name\" \/><\/span>\n\t\t<\/p>\n\t<\/div>\n\t<div class=\"col-md-6\" style='margin-bottom:20px;'>\n\t\t<p><label>Email<\/label><span class=\"wpcf7-form-control-wrap\" data-name=\"your-email\"><input size=\"40\" maxlength=\"400\" class=\"wpcf7-form-control wpcf7-email wpcf7-validates-as-required wpcf7-text wpcf7-validates-as-email\" aria-required=\"true\" aria-invalid=\"false\" value=\"\" type=\"email\" name=\"your-email\" \/><\/span>\n\t\t<\/p>\n\t<\/div>\n<\/div>\n<div class=\"row\">\n\t<div class=\"col-md-6\" style='margin-bottom:20px;'>\n\t\t<p><label>Tel\u00e9fono<\/label><span class=\"wpcf7-form-control-wrap\" data-name=\"tel-767\"><input size=\"40\" maxlength=\"400\" class=\"wpcf7-form-control wpcf7-tel wpcf7-text wpcf7-validates-as-tel\" aria-invalid=\"false\" value=\"\" type=\"tel\" name=\"tel-767\" \/><\/span>\n\t\t<\/p>\n\t<\/div>\n\t<div class=\"col-md-6\" style='margin-bottom:20px;'>\n\t\t<p><label>Empresa<\/label><span class=\"wpcf7-form-control-wrap\" data-name=\"text-1\"><input size=\"40\" maxlength=\"400\" class=\"wpcf7-form-control wpcf7-text\" aria-invalid=\"false\" value=\"\" type=\"text\" name=\"text-1\" \/><\/span>\n\t\t<\/p>\n\t<\/div>\n<\/div>\n<p><label>Comentarios<\/label><span class=\"wpcf7-form-control-wrap\" data-name=\"your-message\"><textarea cols=\"40\" rows=\"10\" maxlength=\"2000\" class=\"wpcf7-form-control wpcf7-textarea\" aria-invalid=\"false\" name=\"your-message\"><\/textarea><\/span>\n<\/p>\n<p><span class=\"wpcf7-form-control-wrap\" data-name=\"checkbox-441\"><span class=\"wpcf7-form-control wpcf7-checkbox wpcf7-validates-as-required\"><span class=\"wpcf7-list-item first last\"><input type=\"checkbox\" name=\"checkbox-441[]\" value=\"Acepto la pol\u00edtica de privacidad\" \/><span class=\"wpcf7-list-item-label\">Acepto la pol\u00edtica de privacidad<\/span><\/span><\/span><\/span>\n<\/p>\n<p><input class=\"wpcf7-form-control wpcf7-submit has-spinner btn-color-black\" type=\"submit\" value=\"ENVIAR\" \/>\n<\/p>\n<div class=\"row\" style=\"font-size:12px\">\n\t<p>En nombre de la empresa tratamos la informaci\u00f3n que nos facilita con el fin de enviarles el presupuesto y asesoramiento solicitado. Los datos proporcionados se conservar\u00e1n mientras se mantenga la relaci\u00f3n comercial o durante los a\u00f1os necesarios para cumplir con las obligaciones legales. Los datos no se ceder\u00e1n a terceros salvo en los casos en que exista una obligaci\u00f3n legal. Usted tiene derecho a obtener confirmaci\u00f3n sobre si en Vimele Technical Solutions, S.L. estamos tratando sus datos personales por tanto tiene derecho a acceder a sus datos personales, rectificar los datos inexactos o solicitar su supresi\u00f3n cuando los datos ya no sean necesarios. Puede consultar m\u00e1s informaci\u00f3n sobre nuestra protecci\u00f3n de datos en <a href=\"https:\/\/vimele.com\/politica-privacidad\/\">vimele.com\/politica-privacidad<\/a>\n\t<\/p>\n<\/div><p style=\"display: none !important;\" class=\"akismet-fields-container\" data-prefix=\"_wpcf7_ak_\"><label>&#916;<textarea name=\"_wpcf7_ak_hp_textarea\" cols=\"45\" rows=\"8\" maxlength=\"100\"><\/textarea><\/label><input type=\"hidden\" id=\"ak_js_1\" name=\"_wpcf7_ak_js\" value=\"127\"\/><script>document.getElementById( \"ak_js_1\" ).setAttribute( \"value\", ( new Date() ).getTime() );<\/script><\/p><div class=\"wpcf7-response-output\" aria-hidden=\"true\"><\/div>\n<\/form>\n<\/div>\n<\/div><\/div>[\/vc_column][\/vc_row][vc_row][vc_column][vc_column_text]    <div class=\"wpsf-map-container\" id=\"wpsf-map-container\" style='height:600px;' data-options=\"{}\">\n      <div class=\"wpsf-side-panel\">\n        <div class=\"wpsf-location-search\">\n          <form class=\"form form--search\" id=\"wpsf-search-form\" action=\"\" method=\"get\">\n            <div class=\"wpsf-location-search-input\">\n              <label class=\"wpsf-location-search-icon\" for=\"wpsf-search-query-input\"><svg aria-hidden=\"true\" width=\"28\" height=\"28\" viewBox=\"0 0 28 28\" xmlns=\"http:\/\/www.w3.org\/2000\/svg\"><title>Search icon<\/title><path d=\"M2.932 15.361a9.02 9.02 0 1 1 15.044 2.466 1.101 1.101 0 0 0-.749.75 9.02 9.02 0 0 1-14.295-3.215Zm15.424 5.158a11.232 11.232 0 0 1-2.73 1.65C9.916 24.594 3.322 21.934.897 16.226c-2.426-5.709.234-12.303 5.943-14.728 5.708-2.426 12.302.234 14.727 5.943a11.23 11.23 0 0 1-1.65 11.515l7.108 7.107a1.105 1.105 0 1 1-1.563 1.563l-7.107-7.107Z\" fill=\"#FFF\" fill-rule=\"evenodd\"\/><\/svg><\/label>\n              <input type=\"text\" class=\"search-query-input\" name=\"search-query\" id=\"wpsf-search-query-input\" placeholder=\"Search Address\">\n              <button class=\"wpsf-location-search-submit\" type=\"submit\" id=\"search_submit\">Search<\/button>\n              <button class=\"wpsf-current-location-btn\" id=\"wpsf-get-location-btn\">\n                <svg width=\"18\" height=\"18\" viewBox=\"0 0 18 18\" xmlns=\"http:\/\/www.w3.org\/2000\/svg\" aria-hidden=\"true\"><title>Current location icon<\/title><g transform=\"translate(1 1)\" stroke=\"#000\" stroke-width=\"1.067\" fill=\"none\" fill-rule=\"evenodd\" stroke-linecap=\"round\" stroke-linejoin=\"round\"><circle cx=\"8\" cy=\"8\" r=\"5.333\"\/><path d=\"M8 0v2.667M0 8h2.667M8 16v-2.667M16 8h-2.667\"\/><\/g><\/svg>                <span id=\"wpsf-current-loction-label\" class=\"wpsf-current-location-btn__label\">Current Location<\/span>\n              <\/button>\n            <\/div>\n            <input type=\"hidden\" class=\"hidden form-control\" name=\"lat\" hidden>\n            <input type=\"hidden\" class=\"hidden form-control\" name=\"lng\" hidden>\n            <input type=\"hidden\" class=\"hidden form-control\" name=\"address\" hidden>\n          <\/form>\n          <div id=\"wpsf-error\" class=\"wpsf-errors\">\n            <div class=\"wpsf-errors-inner\"><\/div>\n          <\/div>\n        <\/div>\n        <ul class=\"wpsf-store-listings\" id=\"wpsf-stores\"><\/ul>\n        <div id=\"wpsf-stores-msg\" class=\"wpsf-stores-msg\"><\/div>\n      <\/div>\n      <div class=\"wpsf-map\">\n        <div id=\"wpsf-map\" class=\"wpsf-map-gmap\"><\/div>\n      <\/div>\n    <\/div>\n[\/vc_column_text][\/vc_column][\/vc_row][vc_row][vc_column]\n\t\t<div id=\"wd-68cc29e768d7e\" class=\"title-wrapper wd-wpb set-mb-s reset-last-child  wd-rs-68cc29e768d7e wd-title-color-primary wd-title-style-underlined text-center  wd-underline-colored\">\n\t\t\t\n\t\t\t<div class=\"liner-continer\">\n\t\t\t\t<h4 class=\"woodmart-title-container title  wd-font-weight- wd-fontsize-l\" >INTERNATIONAL DISTRIBUTORS<\/h4>\n\t\t\t\t\t\t\t<\/div>\n\t\t\t\n\t\t\t\n\t\t\t\n\t\t<\/div>\n\t\t\n\t\t[\/vc_column][\/vc_row][vc_row][vc_column width=&#8221;1\/3&#8243;][vc_column_text css=&#8221;&#8221; woodmart_inline=&#8221;no&#8221; text_larger=&#8221;no&#8221;]<strong>VIMELE M\u00c9XICO<\/strong><\/p>\n<p>Interlomas \u2013 Estado de M\u00e9xico<\/p>\n<p>Contact: Jose Busto<\/p>\n<p>Tel\u00e9fono CEL +52 55 54041882<\/p>\n<p>Tel\u00e9fono fijo +52 55 52917814<\/p>\n<p>E-mail: josebusto@tsgroup.mx[\/vc_column_text][\/vc_column][vc_column width=&#8221;1\/3&#8243;][vc_column_text css=&#8221;&#8221; woodmart_inline=&#8221;no&#8221; text_larger=&#8221;no&#8221;]<strong>VIMELE CHILE \u2013 ALDANI ECUESTRE<\/strong><\/p>\n<p>Coronel Alvarado 2599<\/p>\n<p>Santiago \u2013 Chile<\/p>\n<p>Tel\u00e9fono: +56939023708<\/p>\n<p>E-mail: clientes@aldani.cl[\/vc_column_text][\/vc_column][vc_column width=&#8221;1\/3&#8243;][vc_column_text css=&#8221;&#8221; woodmart_inline=&#8221;no&#8221; text_larger=&#8221;no&#8221;]<strong>EQUICONTACTO \u2013 MATERIAL EQUITA\u00c7AO \u2013 EQUESTRE \u2013 CAVALOS<\/strong><\/p>\n<p>8100-234<\/p>\n<p>Loul\u00e9, Portugal<\/p>\n<p>Tel\u00e9fono: +351961780643[\/vc_column_text][\/vc_column][\/vc_row][vc_row][vc_column width=&#8221;1\/3&#8243;][vc_column_text css=&#8221;&#8221; woodmart_inline=&#8221;no&#8221; text_larger=&#8221;no&#8221;]<strong>PHILI-RIDING<\/strong><\/p>\n<p>Via del Tiglio 3 6900 Lugano \u2013 Suiza<\/p>\n<p>Tel\u00e9fono +41 79 257 35 50<\/p>\n<p>E-mail: info@phili-riding.ch[\/vc_column_text][\/vc_column][vc_column width=&#8221;1\/3&#8243;][vc_column_text css=&#8221;&#8221; woodmart_inline=&#8221;no&#8221; text_larger=&#8221;no&#8221;]<strong>PHILI-RIDING<\/strong><\/p>\n<p>Via Cittadella 6 6600 Locarno \u2013 Suiza<\/p>\n<p>Tel\u00e9fono +41 78 229 15 29<\/p>\n<p>E-mail: info@phili-riding.ch[\/vc_column_text][\/vc_column][vc_column width=&#8221;1\/3&#8243;][vc_column_text css=&#8221;&#8221; woodmart_inline=&#8221;no&#8221; text_larger=&#8221;no&#8221;]<strong>Horsefire Lisboa<\/strong><br \/>\nR. Prof. Dr. Ant\u00f3nio Luciano Pacheco de Sousa Franco 7A, 1885-091<br \/>\nMoscavide, Portugal<br \/>\nTel\u00e9fono: +351 21 247 1508[\/vc_column_text][\/vc_column][\/vc_row][vc_row][vc_column width=&#8221;1\/3&#8243;][vc_column_text css=&#8221;&#8221; woodmart_inline=&#8221;no&#8221; text_larger=&#8221;no&#8221;]<strong>BE THUNDER<\/strong><\/p>\n<p>Trenque Lauquen<\/p>\n<p>Buenos Aires-Argentina<\/p>\n<p>+54 92392546675[\/vc_column_text][\/vc_column][vc_column width=&#8221;1\/3&#8243;][vc_column_text css=&#8221;&#8221; woodmart_inline=&#8221;no&#8221; text_larger=&#8221;no&#8221;]<strong>HORSEFIRE Riding Articles<\/strong><\/p>\n<p>Av. de Fern\u00e3o de Magalh\u00e3es 1961, 4350-171<\/p>\n<p>Porto, Portugal<\/p>\n<p>Tel\u00e9fono: +351 22 502 8019[\/vc_column_text][\/vc_column][vc_column width=&#8221;1\/3&#8243;][\/vc_column][\/vc_row]<\/p>\n<\/div>","protected":false},"excerpt":{"rendered":"<p>[vc_row][vc_column][\/vc_column][\/vc_row][vc_row][vc_column][vc_column_text][\/vc_column_text][\/vc_column][\/vc_row][vc_row][vc_column][\/vc_column][\/vc_row][vc_row][vc_column width=&#8221;1\/3&#8243;][vc_column_text css=&#8221;&#8221; woodmart_inline=&#8221;no&#8221; text_larger=&#8221;no&#8221;]VIMELE M\u00c9XICO Interlomas \u2013 Estado de M\u00e9xico Contact: Jose Busto Tel\u00e9fono CEL +52 55 54041882 Tel\u00e9fono<\/p>\n","protected":false},"author":484,"featured_media":0,"parent":0,"menu_order":0,"comment_status":"closed","ping_status":"closed","template":"","meta":{"footnotes":""},"class_list":["post-12400","page","type-page","status-publish","hentry"],"yoast_head":"<!-- This site is optimized with the Yoast SEO Premium plugin v20.7 (Yoast SEO v27.1.1) - https:\/\/yoast.com\/product\/yoast-seo-premium-wordpress\/ -->\n<title>Official Vimele Airbag Vests Distributors - Vimele - Chalecos airbag Equitaci\u00f3n<\/title>\n<meta name=\"robots\" content=\"index, follow, max-snippet:-1, max-image-preview:large, max-video-preview:-1\" \/>\n<link rel=\"canonical\" href=\"https:\/\/vimele.com\/en\/official-vimele-airbag-vests-distributors\/\" \/>\n<meta property=\"og:locale\" content=\"en_US\" \/>\n<meta property=\"og:type\" content=\"article\" \/>\n<meta property=\"og:title\" content=\"Official Vimele Airbag Vests Distributors\" \/>\n<meta property=\"og:description\" content=\"[vc_row][vc_column][\/vc_column][\/vc_row][vc_row][vc_column][vc_column_text][\/vc_column_text][\/vc_column][\/vc_row][vc_row][vc_column][\/vc_column][\/vc_row][vc_row][vc_column width=&#8221;1\/3&#8243;][vc_column_text css=&#8221;&#8221; woodmart_inline=&#8221;no&#8221; text_larger=&#8221;no&#8221;]VIMELE M\u00c9XICO Interlomas \u2013 Estado de M\u00e9xico Contact: Jose Busto Tel\u00e9fono CEL +52 55 54041882 Tel\u00e9fono\" \/>\n<meta property=\"og:url\" content=\"https:\/\/vimele.com\/en\/official-vimele-airbag-vests-distributors\/\" \/>\n<meta property=\"og:site_name\" content=\"Vimele - Chalecos airbag Equitaci\u00f3n\" \/>\n<meta property=\"article:publisher\" content=\"https:\/\/www.facebook.com\/vimele.airbag\" \/>\n<meta property=\"article:modified_time\" content=\"2025-09-18T16:16:27+00:00\" \/>\n<meta name=\"twitter:card\" content=\"summary_large_image\" \/>\n<meta name=\"twitter:label1\" content=\"Est. reading time\" \/>\n\t<meta name=\"twitter:data1\" content=\"2 minutes\" \/>\n<script type=\"application\/ld+json\" class=\"yoast-schema-graph\">{\"@context\":\"https:\/\/schema.org\",\"@graph\":[{\"@type\":\"WebPage\",\"@id\":\"https:\/\/vimele.com\/en\/official-vimele-airbag-vests-distributors\/\",\"url\":\"https:\/\/vimele.com\/en\/official-vimele-airbag-vests-distributors\/\",\"name\":\"Official Vimele Airbag Vests Distributors - Vimele - Chalecos airbag Equitaci\u00f3n\",\"isPartOf\":{\"@id\":\"https:\/\/vimele.com\/en\/#website\"},\"datePublished\":\"2025-09-17T16:55:08+00:00\",\"dateModified\":\"2025-09-18T16:16:27+00:00\",\"breadcrumb\":{\"@id\":\"https:\/\/vimele.com\/en\/official-vimele-airbag-vests-distributors\/#breadcrumb\"},\"inLanguage\":\"en-US\",\"potentialAction\":[{\"@type\":\"ReadAction\",\"target\":[\"https:\/\/vimele.com\/en\/official-vimele-airbag-vests-distributors\/\"]}]},{\"@type\":\"BreadcrumbList\",\"@id\":\"https:\/\/vimele.com\/en\/official-vimele-airbag-vests-distributors\/#breadcrumb\",\"itemListElement\":[{\"@type\":\"ListItem\",\"position\":1,\"name\":\"Portada\",\"item\":\"https:\/\/vimele.com\/en\/\"},{\"@type\":\"ListItem\",\"position\":2,\"name\":\"Official Vimele Airbag Vests Distributors\"}]},{\"@type\":\"WebSite\",\"@id\":\"https:\/\/vimele.com\/en\/#website\",\"url\":\"https:\/\/vimele.com\/en\/\",\"name\":\"Vimele - Chalecos airbag Equitaci\u00f3n\",\"description\":\"Chalecos airbag para equitaci\u00f3n y botellas CO2 para Airbag\",\"publisher\":{\"@id\":\"https:\/\/vimele.com\/en\/#organization\"},\"potentialAction\":[{\"@type\":\"SearchAction\",\"target\":{\"@type\":\"EntryPoint\",\"urlTemplate\":\"https:\/\/vimele.com\/en\/?s={search_term_string}\"},\"query-input\":{\"@type\":\"PropertyValueSpecification\",\"valueRequired\":true,\"valueName\":\"search_term_string\"}}],\"inLanguage\":\"en-US\"},{\"@type\":\"Organization\",\"@id\":\"https:\/\/vimele.com\/en\/#organization\",\"name\":\"Vimele\",\"url\":\"https:\/\/vimele.com\/en\/\",\"logo\":{\"@type\":\"ImageObject\",\"inLanguage\":\"en-US\",\"@id\":\"https:\/\/vimele.com\/en\/#\/schema\/logo\/image\/\",\"url\":\"https:\/\/vimele.com\/wp-content\/uploads\/2021\/07\/logo-vimele.jpg\",\"contentUrl\":\"https:\/\/vimele.com\/wp-content\/uploads\/2021\/07\/logo-vimele.jpg\",\"width\":500,\"height\":500,\"caption\":\"Vimele\"},\"image\":{\"@id\":\"https:\/\/vimele.com\/en\/#\/schema\/logo\/image\/\"},\"sameAs\":[\"https:\/\/www.facebook.com\/vimele.airbag\",\"https:\/\/www.instagram.com\/vimele.co2\/\"]}]}<\/script>\n<!-- \/ Yoast SEO Premium plugin. -->","yoast_head_json":{"title":"Official Vimele Airbag Vests Distributors - Vimele - Chalecos airbag Equitaci\u00f3n","robots":{"index":"index","follow":"follow","max-snippet":"max-snippet:-1","max-image-preview":"max-image-preview:large","max-video-preview":"max-video-preview:-1"},"canonical":"https:\/\/vimele.com\/en\/official-vimele-airbag-vests-distributors\/","og_locale":"en_US","og_type":"article","og_title":"Official Vimele Airbag Vests Distributors","og_description":"[vc_row][vc_column][\/vc_column][\/vc_row][vc_row][vc_column][vc_column_text][\/vc_column_text][\/vc_column][\/vc_row][vc_row][vc_column][\/vc_column][\/vc_row][vc_row][vc_column width=&#8221;1\/3&#8243;][vc_column_text css=&#8221;&#8221; woodmart_inline=&#8221;no&#8221; text_larger=&#8221;no&#8221;]VIMELE M\u00c9XICO Interlomas \u2013 Estado de M\u00e9xico Contact: Jose Busto Tel\u00e9fono CEL +52 55 54041882 Tel\u00e9fono","og_url":"https:\/\/vimele.com\/en\/official-vimele-airbag-vests-distributors\/","og_site_name":"Vimele - Chalecos airbag Equitaci\u00f3n","article_publisher":"https:\/\/www.facebook.com\/vimele.airbag","article_modified_time":"2025-09-18T16:16:27+00:00","twitter_card":"summary_large_image","twitter_misc":{"Est. reading time":"2 minutes"},"schema":{"@context":"https:\/\/schema.org","@graph":[{"@type":"WebPage","@id":"https:\/\/vimele.com\/en\/official-vimele-airbag-vests-distributors\/","url":"https:\/\/vimele.com\/en\/official-vimele-airbag-vests-distributors\/","name":"Official Vimele Airbag Vests Distributors - Vimele - Chalecos airbag Equitaci\u00f3n","isPartOf":{"@id":"https:\/\/vimele.com\/en\/#website"},"datePublished":"2025-09-17T16:55:08+00:00","dateModified":"2025-09-18T16:16:27+00:00","breadcrumb":{"@id":"https:\/\/vimele.com\/en\/official-vimele-airbag-vests-distributors\/#breadcrumb"},"inLanguage":"en-US","potentialAction":[{"@type":"ReadAction","target":["https:\/\/vimele.com\/en\/official-vimele-airbag-vests-distributors\/"]}]},{"@type":"BreadcrumbList","@id":"https:\/\/vimele.com\/en\/official-vimele-airbag-vests-distributors\/#breadcrumb","itemListElement":[{"@type":"ListItem","position":1,"name":"Portada","item":"https:\/\/vimele.com\/en\/"},{"@type":"ListItem","position":2,"name":"Official Vimele Airbag Vests Distributors"}]},{"@type":"WebSite","@id":"https:\/\/vimele.com\/en\/#website","url":"https:\/\/vimele.com\/en\/","name":"Vimele - Chalecos airbag Equitaci\u00f3n","description":"Chalecos airbag para equitaci\u00f3n y botellas CO2 para Airbag","publisher":{"@id":"https:\/\/vimele.com\/en\/#organization"},"potentialAction":[{"@type":"SearchAction","target":{"@type":"EntryPoint","urlTemplate":"https:\/\/vimele.com\/en\/?s={search_term_string}"},"query-input":{"@type":"PropertyValueSpecification","valueRequired":true,"valueName":"search_term_string"}}],"inLanguage":"en-US"},{"@type":"Organization","@id":"https:\/\/vimele.com\/en\/#organization","name":"Vimele","url":"https:\/\/vimele.com\/en\/","logo":{"@type":"ImageObject","inLanguage":"en-US","@id":"https:\/\/vimele.com\/en\/#\/schema\/logo\/image\/","url":"https:\/\/vimele.com\/wp-content\/uploads\/2021\/07\/logo-vimele.jpg","contentUrl":"https:\/\/vimele.com\/wp-content\/uploads\/2021\/07\/logo-vimele.jpg","width":500,"height":500,"caption":"Vimele"},"image":{"@id":"https:\/\/vimele.com\/en\/#\/schema\/logo\/image\/"},"sameAs":["https:\/\/www.facebook.com\/vimele.airbag","https:\/\/www.instagram.com\/vimele.co2\/"]}]}},"_links":{"self":[{"href":"https:\/\/vimele.com\/en\/wp-json\/wp\/v2\/pages\/12400","targetHints":{"allow":["GET"]}}],"collection":[{"href":"https:\/\/vimele.com\/en\/wp-json\/wp\/v2\/pages"}],"about":[{"href":"https:\/\/vimele.com\/en\/wp-json\/wp\/v2\/types\/page"}],"author":[{"embeddable":true,"href":"https:\/\/vimele.com\/en\/wp-json\/wp\/v2\/users\/484"}],"replies":[{"embeddable":true,"href":"https:\/\/vimele.com\/en\/wp-json\/wp\/v2\/comments?post=12400"}],"version-history":[{"count":2,"href":"https:\/\/vimele.com\/en\/wp-json\/wp\/v2\/pages\/12400\/revisions"}],"predecessor-version":[{"id":12402,"href":"https:\/\/vimele.com\/en\/wp-json\/wp\/v2\/pages\/12400\/revisions\/12402"}],"wp:attachment":[{"href":"https:\/\/vimele.com\/en\/wp-json\/wp\/v2\/media?parent=12400"}],"curies":[{"name":"wp","href":"https:\/\/api.w.org\/{rel}","templated":true}]}}